{"id":928,"date":"2016-05-11T13:48:44","date_gmt":"2016-05-11T13:48:44","guid":{"rendered":"https:\/\/autolion.ee\/contact\/?lang=ru"},"modified":"2025-01-22T14:34:44","modified_gmt":"2025-01-22T14:34:44","slug":"%d0%ba%d0%be%d0%bd%d1%82%d0%b0%d0%ba%d1%82","status":"publish","type":"page","link":"https:\/\/autolion.ee\/ru\/%d0%ba%d0%be%d0%bd%d1%82%d0%b0%d0%ba%d1%82\/","title":{"rendered":"\u041a\u043e\u043d\u0442\u0430\u043a\u0442"},"content":{"rendered":"<div id='av_section_1'  class='avia-section av-1indk8-7550804220e3e6174ad56dc9a29e26c5 main_color avia-section-large avia-no-border-styling  avia-builder-el-0  el_before_av_google_map  avia-builder-el-first  avia-bg-style-scroll container_wrap sidebar_right'  ><div class='container av-section-cont-open' ><main  role=\"main\" itemprop=\"mainContentOfPage\"  class='template-page content  av-content-small alpha units'><div class='post-entry post-entry-type-page post-entry-928'><div class='entry-content-wrapper clearfix'>\n\n<style type=\"text\/css\" data-created_by=\"avia_inline_auto\" id=\"style-css-av-1deuiw-eb9baace062b86de95ffca6e865810fa\">\n#top .av-special-heading.av-1deuiw-eb9baace062b86de95ffca6e865810fa{\npadding-bottom:30px;\nfont-size:20px;\n}\nbody .av-special-heading.av-1deuiw-eb9baace062b86de95ffca6e865810fa .av-special-heading-tag .heading-char{\nfont-size:25px;\n}\n#top #wrap_all .av-special-heading.av-1deuiw-eb9baace062b86de95ffca6e865810fa .av-special-heading-tag{\nfont-size:20px;\n}\n.av-special-heading.av-1deuiw-eb9baace062b86de95ffca6e865810fa .av-subheading{\nfont-size:15px;\n}\n\n@media only screen and (min-width: 480px) and (max-width: 767px){ \n#top #wrap_all .av-special-heading.av-1deuiw-eb9baace062b86de95ffca6e865810fa .av-special-heading-tag{\nfont-size:0.8em;\n}\n}\n\n@media only screen and (max-width: 479px){ \n#top #wrap_all .av-special-heading.av-1deuiw-eb9baace062b86de95ffca6e865810fa .av-special-heading-tag{\nfont-size:0.8em;\n}\n}\n<\/style>\n<div  class='av-special-heading av-1deuiw-eb9baace062b86de95ffca6e865810fa av-special-heading-h1 blockquote modern-quote  avia-builder-el-1  el_before_av_one_half  avia-builder-el-first  av-inherit-size'><h1 class='av-special-heading-tag'  itemprop=\"headline\"  >\u041a\u043e\u043d\u0442\u0430\u043a\u0442\u043d\u044b\u0435 \u0434\u0430\u043d\u043d\u044b\u0435<\/h1><div class=\"special-heading-border\"><div class=\"special-heading-inner-border\"><\/div><\/div><\/div>\n\n<style type=\"text\/css\" data-created_by=\"avia_inline_auto\" id=\"style-css-av-16mw48-d3a89f8b9650fd79072b46756670364e\">\n.flex_column.av-16mw48-d3a89f8b9650fd79072b46756670364e{\nborder-radius:0px 0px 0px 0px;\npadding:0px 0px 0px 0px;\n}\n<\/style>\n<div  class='flex_column av-16mw48-d3a89f8b9650fd79072b46756670364e av_one_half  avia-builder-el-2  el_after_av_heading  el_before_av_one_fourth  first flex_column_div av-zero-column-padding  '     ><section  class='av_textblock_section av-15n1zs-75a2fb5597005edc67571132f5769113 '   itemscope=\"itemscope\" itemtype=\"https:\/\/schema.org\/CreativeWork\" ><div class='avia_textblock'  itemprop=\"text\" ><div>\n<div>\n<div>\n<div>\u041e\u0441\u043d\u043e\u0432\u043d\u044b\u043c\u0438 \u043d\u0430\u0448\u0438\u043c\u0438 \u0443\u0441\u043b\u0443\u0433\u0430\u043c\u0438 \u044f\u0432\u043b\u044f\u0435\u0442\u0441\u044f \u043a\u0443\u0437\u043e\u0432\u043d\u043e\u0439 \u0440\u0435\u043c\u043e\u043d\u0442 \u0438 \u043f\u043e\u043a\u0440\u0430\u0441\u043a\u0430 \u0430\u0432\u0442\u043e\u043c\u043e\u0431\u0438\u043b\u0435\u0439. \u0420\u0430\u0431\u043e\u0442\u044b \u043f\u0440\u043e\u0438\u0437\u0432\u043e\u0434\u044f\u0442\u0441\u044f \u0432 \u0441\u043e\u0432\u0440\u0435\u043c\u0435\u043d\u043d\u044b\u0445 \u0438 \u043e\u0431\u043e\u0440\u0443\u0434\u043e\u0432\u0430\u043d\u043d\u044b\u0445 \u043f\u043e\u043c\u0435\u0449\u0435\u043d\u0438\u044f\u0445 \u0441 \u0441\u043e\u0431\u043b\u044e\u0434\u0435\u043d\u0438\u0435\u043c \u0442\u0435\u0445\u043d\u043e\u043b\u043e\u0433\u0438\u0438 \u043f\u043e\u043a\u0440\u0430\u0441\u043a\u0438 \u0430\u0432\u0442\u043e\u043c\u043e\u0431\u0438\u043b\u0435\u0439. \u041d\u0430\u0448\u0438\u043c\u0438 \u043e\u0441\u043d\u043e\u0432\u043d\u044b\u043c\u0438 \u043a\u043b\u0438\u0435\u043d\u0442\u0430\u043c\u0438 \u044f\u0432\u043b\u044f\u044e\u0442\u0441\u044f \u0430\u0432\u0442\u043e\u0441\u0430\u043b\u043e\u043d\u044b, \u0441\u0442\u0440\u0430\u0445\u043e\u0432\u044b\u0435 \u0444\u0438\u0440\u043c\u044b \u0438 \u0447\u0430\u0441\u0442\u043d\u044b\u0435 \u043b\u0438\u0446\u0430. \u0414\u043b\u044f \u0441\u043e\u0441\u0442\u0430\u0432\u043b\u0435\u043d\u0438\u044f \u043a\u0430\u043b\u044c\u043a\u0443\u043b\u044f\u0446\u0438\u0439 \u043d\u0430 \u043a\u0443\u0437\u043e\u0432\u043d\u043e\u0439 \u0440\u0435\u043c\u043e\u043d\u0442 \u0438 \u043f\u043e\u043a\u0440\u0430\u0441\u043a\u0443 \u0438\u0441\u043f\u043e\u043b\u044c\u0437\u0443\u0435\u043c \u0441\u043f\u0435\u0446\u0438\u0430\u043b\u044c\u043d\u0443\u044e \u043f\u0440\u043e\u0433\u0440\u0430\u043c\u043c\u0443 WinCABAS.<\/div>\n<\/div>\n<\/div>\n<\/div>\n<\/div><\/section><\/div>\n<style type=\"text\/css\" data-created_by=\"avia_inline_auto\" id=\"style-css-av-xzm3k-b9fa5725b671f5d138843c19abb83ccd\">\n.flex_column.av-xzm3k-b9fa5725b671f5d138843c19abb83ccd{\nborder-radius:0px 0px 0px 0px;\npadding:0px 0px 0px 0px;\n}\n<\/style>\n<div  class='flex_column av-xzm3k-b9fa5725b671f5d138843c19abb83ccd av_one_fourth  avia-builder-el-4  el_after_av_one_half  el_before_av_one_fourth  flex_column_div av-zero-column-padding  '     ><section  class='av_textblock_section av-a800-b1317e35ff1a17eb926f76e43415c554 '   itemscope=\"itemscope\" itemtype=\"https:\/\/schema.org\/CreativeWork\" ><div class='avia_textblock'  itemprop=\"text\" ><div>\n<div>\n<div><strong>Autolion remondit\u00f6\u00f6koda O\u00dc<\/strong><br \/>\nReg. nr.: 17146191<br \/>\nP\u00e4rnu mnt. 158G (Vaari 4), Tallinn<br \/>\n<strong>\u0422\u0435\u043b.: 55576777<\/strong><\/div>\n<div><strong>Email: info@autolion.ee<\/strong><\/div>\n<\/div>\n<\/div>\n<\/div><\/section><\/div>\n<style type=\"text\/css\" data-created_by=\"avia_inline_auto\" id=\"style-css-av-jg3nc-c01a309ab442bba1ce37010b29852ce7\">\n.flex_column.av-jg3nc-c01a309ab442bba1ce37010b29852ce7{\nborder-radius:0px 0px 0px 0px;\npadding:0px 0px 0px 0px;\n}\n<\/style>\n<div  class='flex_column av-jg3nc-c01a309ab442bba1ce37010b29852ce7 av_one_fourth  avia-builder-el-6  el_after_av_one_fourth  avia-builder-el-last  flex_column_div av-zero-column-padding  '     ><section  class='av_textblock_section av-ku3tegsz-e5dc6b4da0b2569b4e5424d3974747a8 '   itemscope=\"itemscope\" itemtype=\"https:\/\/schema.org\/CreativeWork\" ><div class='avia_textblock'  itemprop=\"text\" ><div>\n<div>\u041f\u041d-\u041f\u0422: 09.00 &#8212; 18.00<br \/>\n <i class=\"fas fa-lock\"><\/i>\n<\/div>\n<\/div>\n<\/div><\/section><\/div><div  class='av_gmaps_sc_main_wrap av_gmaps_main_wrap '><div id='av_gmap_0' class='avia-google-map-container avia-google-map-sc av_gmaps_show_unconditionally av-no-fallback-img ' data-mapid='av_gmap_0'  style='height: 400px;'><a class=\"av_gmaps_browser_disabled av_text_confirm_link av_text_confirm_link_visible\" href=\"https:\/\/www.google.com\/maps\/search\/?api=1&#038;query=Vaari%204%20%20Tallinn%20%20Estonia\" target=\"_blank\" rel=\"noopener\">Maps were disabled by the visitor on this site. Click to open the map in a new window.<\/a><\/div><\/div><\/p>\n","protected":false},"excerpt":{"rendered":"","protected":false},"author":1,"featured_media":0,"parent":0,"menu_order":0,"comment_status":"closed","ping_status":"closed","template":"","meta":{"_acf_changed":false,"footnotes":""},"class_list":["post-928","page","type-page","status-publish","hentry"],"acf":[],"yoast_head":"<!-- This site is optimized with the Yoast SEO plugin v27.3 - https:\/\/yoast.com\/product\/yoast-seo-wordpress\/ -->\n<title>\u041a\u043e\u043d\u0442\u0430\u043a\u0442 - Autolion<\/title>\n<meta name=\"robots\" content=\"index, follow, max-snippet:-1, max-image-preview:large, max-video-preview:-1\" \/>\n<link rel=\"canonical\" href=\"https:\/\/autolion.ee\/ru\/%d0%ba%d0%be%d0%bd%d1%82%d0%b0%d0%ba%d1%82\/\" \/>\n<meta property=\"og:locale\" content=\"ru_RU\" \/>\n<meta property=\"og:type\" content=\"article\" \/>\n<meta property=\"og:title\" content=\"\u041a\u043e\u043d\u0442\u0430\u043a\u0442 - Autolion\" \/>\n<meta property=\"og:url\" content=\"https:\/\/autolion.ee\/ru\/%d0%ba%d0%be%d0%bd%d1%82%d0%b0%d0%ba%d1%82\/\" \/>\n<meta property=\"og:site_name\" content=\"Autolion\" \/>\n<meta property=\"article:modified_time\" content=\"2025-01-22T14:34:44+00:00\" \/>\n<meta name=\"twitter:card\" content=\"summary_large_image\" \/>\n<meta name=\"twitter:label1\" content=\"\u041f\u0440\u0438\u043c\u0435\u0440\u043d\u043e\u0435 \u0432\u0440\u0435\u043c\u044f \u0434\u043b\u044f \u0447\u0442\u0435\u043d\u0438\u044f\" \/>\n\t<meta name=\"twitter:data1\" content=\"2 \u043c\u0438\u043d\u0443\u0442\u044b\" \/>\n<script type=\"application\/ld+json\" class=\"yoast-schema-graph\">{\"@context\":\"https:\\\/\\\/schema.org\",\"@graph\":[{\"@type\":\"WebPage\",\"@id\":\"https:\\\/\\\/autolion.ee\\\/ru\\\/%d0%ba%d0%be%d0%bd%d1%82%d0%b0%d0%ba%d1%82\\\/\",\"url\":\"https:\\\/\\\/autolion.ee\\\/ru\\\/%d0%ba%d0%be%d0%bd%d1%82%d0%b0%d0%ba%d1%82\\\/\",\"name\":\"\u041a\u043e\u043d\u0442\u0430\u043a\u0442 - Autolion\",\"isPartOf\":{\"@id\":\"https:\\\/\\\/autolion.ee\\\/ru\\\/#website\"},\"datePublished\":\"2016-05-11T13:48:44+00:00\",\"dateModified\":\"2025-01-22T14:34:44+00:00\",\"breadcrumb\":{\"@id\":\"https:\\\/\\\/autolion.ee\\\/ru\\\/%d0%ba%d0%be%d0%bd%d1%82%d0%b0%d0%ba%d1%82\\\/#breadcrumb\"},\"inLanguage\":\"ru-RU\",\"potentialAction\":[{\"@type\":\"ReadAction\",\"target\":[\"https:\\\/\\\/autolion.ee\\\/ru\\\/%d0%ba%d0%be%d0%bd%d1%82%d0%b0%d0%ba%d1%82\\\/\"]}]},{\"@type\":\"BreadcrumbList\",\"@id\":\"https:\\\/\\\/autolion.ee\\\/ru\\\/%d0%ba%d0%be%d0%bd%d1%82%d0%b0%d0%ba%d1%82\\\/#breadcrumb\",\"itemListElement\":[{\"@type\":\"ListItem\",\"position\":1,\"name\":\"Home\",\"item\":\"https:\\\/\\\/autolion.ee\\\/ru\\\/%d0%bf%d0%be%d0%ba%d1%80%d0%b0%d1%81%d0%ba%d0%b0-%d0%b0%d0%b2%d1%82%d0%be\\\/\"},{\"@type\":\"ListItem\",\"position\":2,\"name\":\"\u041a\u043e\u043d\u0442\u0430\u043a\u0442\"}]},{\"@type\":\"WebSite\",\"@id\":\"https:\\\/\\\/autolion.ee\\\/ru\\\/#website\",\"url\":\"https:\\\/\\\/autolion.ee\\\/ru\\\/\",\"name\":\"Autolion\",\"description\":\"\",\"potentialAction\":[{\"@type\":\"SearchAction\",\"target\":{\"@type\":\"EntryPoint\",\"urlTemplate\":\"https:\\\/\\\/autolion.ee\\\/ru\\\/?s={search_term_string}\"},\"query-input\":{\"@type\":\"PropertyValueSpecification\",\"valueRequired\":true,\"valueName\":\"search_term_string\"}}],\"inLanguage\":\"ru-RU\"}]}<\/script>\n<!-- \/ Yoast SEO plugin. -->","yoast_head_json":{"title":"\u041a\u043e\u043d\u0442\u0430\u043a\u0442 - Autolion","robots":{"index":"index","follow":"follow","max-snippet":"max-snippet:-1","max-image-preview":"max-image-preview:large","max-video-preview":"max-video-preview:-1"},"canonical":"https:\/\/autolion.ee\/ru\/%d0%ba%d0%be%d0%bd%d1%82%d0%b0%d0%ba%d1%82\/","og_locale":"ru_RU","og_type":"article","og_title":"\u041a\u043e\u043d\u0442\u0430\u043a\u0442 - Autolion","og_url":"https:\/\/autolion.ee\/ru\/%d0%ba%d0%be%d0%bd%d1%82%d0%b0%d0%ba%d1%82\/","og_site_name":"Autolion","article_modified_time":"2025-01-22T14:34:44+00:00","twitter_card":"summary_large_image","twitter_misc":{"\u041f\u0440\u0438\u043c\u0435\u0440\u043d\u043e\u0435 \u0432\u0440\u0435\u043c\u044f \u0434\u043b\u044f \u0447\u0442\u0435\u043d\u0438\u044f":"2 \u043c\u0438\u043d\u0443\u0442\u044b"},"schema":{"@context":"https:\/\/schema.org","@graph":[{"@type":"WebPage","@id":"https:\/\/autolion.ee\/ru\/%d0%ba%d0%be%d0%bd%d1%82%d0%b0%d0%ba%d1%82\/","url":"https:\/\/autolion.ee\/ru\/%d0%ba%d0%be%d0%bd%d1%82%d0%b0%d0%ba%d1%82\/","name":"\u041a\u043e\u043d\u0442\u0430\u043a\u0442 - Autolion","isPartOf":{"@id":"https:\/\/autolion.ee\/ru\/#website"},"datePublished":"2016-05-11T13:48:44+00:00","dateModified":"2025-01-22T14:34:44+00:00","breadcrumb":{"@id":"https:\/\/autolion.ee\/ru\/%d0%ba%d0%be%d0%bd%d1%82%d0%b0%d0%ba%d1%82\/#breadcrumb"},"inLanguage":"ru-RU","potentialAction":[{"@type":"ReadAction","target":["https:\/\/autolion.ee\/ru\/%d0%ba%d0%be%d0%bd%d1%82%d0%b0%d0%ba%d1%82\/"]}]},{"@type":"BreadcrumbList","@id":"https:\/\/autolion.ee\/ru\/%d0%ba%d0%be%d0%bd%d1%82%d0%b0%d0%ba%d1%82\/#breadcrumb","itemListElement":[{"@type":"ListItem","position":1,"name":"Home","item":"https:\/\/autolion.ee\/ru\/%d0%bf%d0%be%d0%ba%d1%80%d0%b0%d1%81%d0%ba%d0%b0-%d0%b0%d0%b2%d1%82%d0%be\/"},{"@type":"ListItem","position":2,"name":"\u041a\u043e\u043d\u0442\u0430\u043a\u0442"}]},{"@type":"WebSite","@id":"https:\/\/autolion.ee\/ru\/#website","url":"https:\/\/autolion.ee\/ru\/","name":"Autolion","description":"","potentialAction":[{"@type":"SearchAction","target":{"@type":"EntryPoint","urlTemplate":"https:\/\/autolion.ee\/ru\/?s={search_term_string}"},"query-input":{"@type":"PropertyValueSpecification","valueRequired":true,"valueName":"search_term_string"}}],"inLanguage":"ru-RU"}]}},"_links":{"self":[{"href":"https:\/\/autolion.ee\/ru\/wp-json\/wp\/v2\/pages\/928","targetHints":{"allow":["GET"]}}],"collection":[{"href":"https:\/\/autolion.ee\/ru\/wp-json\/wp\/v2\/pages"}],"about":[{"href":"https:\/\/autolion.ee\/ru\/wp-json\/wp\/v2\/types\/page"}],"author":[{"embeddable":true,"href":"https:\/\/autolion.ee\/ru\/wp-json\/wp\/v2\/users\/1"}],"replies":[{"embeddable":true,"href":"https:\/\/autolion.ee\/ru\/wp-json\/wp\/v2\/comments?post=928"}],"version-history":[{"count":30,"href":"https:\/\/autolion.ee\/ru\/wp-json\/wp\/v2\/pages\/928\/revisions"}],"predecessor-version":[{"id":1005,"href":"https:\/\/autolion.ee\/ru\/wp-json\/wp\/v2\/pages\/928\/revisions\/1005"}],"wp:attachment":[{"href":"https:\/\/autolion.ee\/ru\/wp-json\/wp\/v2\/media?parent=928"}],"curies":[{"name":"wp","href":"https:\/\/api.w.org\/{rel}","templated":true}]}}